{"id":2,"date":"2014-11-21T04:51:49","date_gmt":"2014-11-21T04:51:49","guid":{"rendered":"http:\/\/localhost\/wordpress-4.0.1\/wordpress\/?page_id=2"},"modified":"2015-03-22T13:48:17","modified_gmt":"2015-03-22T13:48:17","slug":"sample-page","status":"publish","type":"page","link":"http:\/\/fitra.de\/","title":{"rendered":"Herzlich Willkommen!"},"content":{"rendered":"<blockquote>\n<p class=\"witztext\"><strong><span class=\"gf\">\u201e<\/span>Der Optimist erkl\u00e4rt, da\u00df wir in der besten aller m\u00f6glichen Welten leben, und der Pessimist f\u00fcrchtet, da\u00df dies wahr ist.<span class=\"gf\">\u201c<\/span><\/strong><\/p>\n<\/blockquote>\n<p class=\"witztext\">(James Branch Cabell)<\/p>\n","protected":false},"excerpt":{"rendered":"<p>\u201eDer Optimist erkl\u00e4rt, da\u00df wir in der besten aller m\u00f6glichen Welten leben, und der Pessimist f\u00fcrchtet, da\u00df dies wahr ist.\u201c (James Branch Cabell)<\/p>\n","protected":false},"author":1,"featured_media":0,"parent":0,"menu_order":0,"comment_status":"open","ping_status":"open","template":"","meta":{"footnotes":""},"class_list":["post-2","page","type-page","status-publish","hentry"],"_links":{"self":[{"href":"http:\/\/fitra.de\/index.php?rest_route=\/wp\/v2\/pages\/2","targetHints":{"allow":["GET"]}}],"collection":[{"href":"http:\/\/fitra.de\/index.php?rest_route=\/wp\/v2\/pages"}],"about":[{"href":"http:\/\/fitra.de\/index.php?rest_route=\/wp\/v2\/types\/page"}],"author":[{"embeddable":true,"href":"http:\/\/fitra.de\/index.php?rest_route=\/wp\/v2\/users\/1"}],"replies":[{"embeddable":true,"href":"http:\/\/fitra.de\/index.php?rest_route=%2Fwp%2Fv2%2Fcomments&post=2"}],"version-history":[{"count":1,"href":"http:\/\/fitra.de\/index.php?rest_route=\/wp\/v2\/pages\/2\/revisions"}],"predecessor-version":[{"id":6,"href":"http:\/\/fitra.de\/index.php?rest_route=\/wp\/v2\/pages\/2\/revisions\/6"}],"wp:attachment":[{"href":"http:\/\/fitra.de\/index.php?rest_route=%2Fwp%2Fv2%2Fmedia&parent=2"}],"curies":[{"name":"wp","href":"https:\/\/api.w.org\/{rel}","templated":true}]}}